{"id":163,"date":"2026-02-12T08:21:28","date_gmt":"2026-02-12T07:21:28","guid":{"rendered":"https:\/\/kh-10405.jupiter.web.de-serv.de\/wordpress-neu\/?page_id=163"},"modified":"2026-02-22T10:48:17","modified_gmt":"2026-02-22T09:48:17","slug":"veranstaltungen-workshops","status":"publish","type":"page","link":"https:\/\/www.pyrmonterhundefreunde.de\/wordpress-neu\/index.php\/home\/veranstaltungen-workshops\/","title":{"rendered":"Veranstaltungen &#038; Workshops"},"content":{"rendered":"\t\t<div data-elementor-type=\"wp-page\" data-elementor-id=\"163\" class=\"elementor elementor-163\" data-elementor-post-type=\"page\">\n\t\t\t\t<div class=\"elementor-element elementor-element-d1ceccf e-con-full e-flex e-con e-parent\" data-id=\"d1ceccf\" data-element_type=\"container\" data-e-type=\"container\">\n\t\t\t\t<div class=\"elementor-element elementor-element-8e2be99 elementor-widget__width-initial elementor-widget elementor-widget-text-editor\" data-id=\"8e2be99\" data-element_type=\"widget\" data-e-type=\"widget\" data-widget_type=\"text-editor.default\">\n\t\t\t\t\t\t\t\t\t<div class=\"diywebContainer diyfeCA diyfeCA2\"><div class=\"diywebContent diyfeCA diyfeCA1\"><div class=\"diywebLiveArea\"><div class=\"diywebMain\"><div class=\"diywebGutter\"><div id=\"content_area\"><div id=\"matrix_1028077181\" class=\"sortable-matrix\" data-matrixid=\"1028077181\"><div class=\"n module-type-header diyfeLiveArea \">\u00a0<\/div><div class=\"n module-type-header diyfeLiveArea \"><h1><a class=\"imagewrapper\" style=\"font-size: 16px;\" href=\"https:\/\/www.pyrmonterhundefreunde.de\/s\/cc_images\/teaserbox_2497282481.jpg?t=1733864845\" rel=\"lightbox[5826308651]\"><img decoding=\"async\" id=\"image_2497282481\" src=\"https:\/\/www.pyrmonterhundefreunde.de\/s\/cc_images\/cache_2497282481.jpg?t=1733864845\" alt=\"\" \/><\/a><\/h1><\/div><div class=\"n module-type-imageSubtitle diyfeLiveArea \"><div id=\"imageSubtitle-5826308648\" class=\"clearover imageSubtitle\"><div class=\"align-container align-center\"><a class=\"imagewrapper\" href=\"https:\/\/www.pyrmonterhundefreunde.de\/s\/cc_images\/teaserbox_2497282478.jpg?t=1733864598\" rel=\"lightbox[5826308648]\"><img decoding=\"async\" id=\"image_2497282478\" src=\"https:\/\/www.pyrmonterhundefreunde.de\/s\/cc_images\/cache_2497282478.jpg?t=1733864598\" alt=\"\" \/><\/a><\/div><\/div><\/div><div class=\"n module-type-textWithImage diyfeLiveArea \"><div id=\"textWithImage-5826299637\" class=\"clearover imageFitWidth\"><div class=\"align-container imgleft imgblock\"><a class=\"imagewrapper\" href=\"https:\/\/www.pyrmonterhundefreunde.de\/s\/cc_images\/teaserbox_2497262667.jpg?t=1733327883\" rel=\"lightbox[5826299637]\"><img decoding=\"async\" id=\"image_5826299637\" src=\"https:\/\/www.pyrmonterhundefreunde.de\/s\/cc_images\/cache_2497262667.jpg?t=1733327883\" alt=\"\" \/><\/a><\/div><div class=\"textwrapper\"><p>06.12.2024<\/p><\/div><\/div><\/div><div class=\"n module-type-text diyfeLiveArea \"><p><strong>Teamteaching: Hundekinder Intensivkurs<\/strong><\/p><p><strong>Du hast einen Welpen oder einen Junghund (bis 6 Monate)?<\/strong><\/p><p><strong>Du m\u00f6chtest, dass er nicht nur auf dem Hundeplatz dressiert wird und spielt, sondern dass ihr vor allem im Alltag ein gutes Team werdet?<\/strong><\/p><p><strong>Wir bieten daher einen Intensivkurs an, in dem die Voraussetzungen des harmonischen Zusammenlebens von Hund und Mensch in Theorie und Praxis vermittelt werden &gt;&gt;<\/strong><\/p><ul><li><p><strong>Aufbau von Bindung und Beziehung<\/strong><\/p><\/li><li><p><strong>Erziehung (Vermitteln und Bestehen auf Einhaltung der Hausstandsregeln, z.B. Tabus setzen) und Training (Ein\u00fcben neuer und Verfeinern bestehender F\u00e4higkeiten, z.B. Gehen an lockerer Leine)<\/strong><\/p><\/li><li><p><strong>Wahrnehmung von Situationen aus Hundesicht (um fr\u00fchzeitig m\u00f6gliche Probleme zu erkennen und zu vermeiden, aber ggf. auch aufgetretene Konflikte effizient zu l\u00f6sen)<\/strong><\/p><\/li><\/ul><p><strong>Kursleitung: Evelyn Buchholz-Dassen (Mobil: 0175 \u2013 4693580)<\/strong><\/p><p><strong>Kosten: 50,00 \u20ac als Spende an den Verein plus 5 \u20ac f\u00fcr Materialkosten<\/strong><\/p><p><strong>Zeit: M\u00e4rz 2024 &gt;&gt;<\/strong><\/p><p><strong>Freitag, 01.03. um 18.00 Uhr (Theorie kompakt, Voraussetzung zur Kursteilnahme)<\/strong><\/p><p><strong>Samstag, 02.03. um 11.00 Uhr<\/strong><\/p><p><strong>Montag, 04.03. um 18.00 Uhr<\/strong><\/p><p><strong><a name=\"_GoBack\"><\/a>Freitag, 08.03. um 18.00 Uhr<\/strong><\/p><p><strong>Montag, 11.03. um 18.00 Uhr<\/strong><\/p><p><strong>Freitag, 15.03. um 18.00 Uhr<\/strong><\/p><p><strong>Montag, 18.03. um 18.00 Uhr<\/strong><\/p><p><strong>Freitag, 22.03. um 18.00 Uhr<\/strong><\/p><p><strong>Montag, 25.03. um 18.00 Uhr<\/strong><\/p><p><strong>Samstag, 30.03. um 11.00 Uhr<\/strong><\/p><p><strong>ACHTUNG &gt;&gt; Da wir in Kleingruppen trainieren, um individuell auf jedes Team eingehen zu k\u00f6nnen, ist eine vorherige Anmeldung notwendig!<\/strong><\/p><\/div><div class=\"n module-type-text diyfeLiveArea \"><p><strong>14.03.2024, 18.30 Uhr, Vortrag:<\/strong><\/p><p><strong><a name=\"_GoBack\"><\/a>\u201eWie spricht der Hund?\u201c<\/strong><\/p><p><strong>Kommunikation und Ausdrucksverhalten<\/strong><\/p><p><strong>Hunde f\u00fchren auf ihre Weise Gespr\u00e4che. Oft bekommen wir gar nicht mit, dass solch eine Unterhaltung stattfindet, weil wir die k\u00f6rpersprachlichen Aussagen gar nicht registrieren und erst auf ein Knurren, Bellen oder einen Angriff reagieren.<\/strong><\/p><p><strong>In diesem Vortrag werden nicht nur die leichter erkennbaren Gespr\u00e4chselemente erkl\u00e4rt, sondern besonders auch auf Feinheiten (z.B. Mimik, kaum wahrnehmbare Gewichtsverlagerung usw.) geachtet und \u00fcbersetzt. Diese dienen \u00fcbrigens bei Hunden vor allem zur Vermeidung heftiger Konflikte, auch im Dialog mit den Menschen, und k\u00f6nnen von diesen ebf. genutzt werden, um hundeverst\u00e4ndlich zu antworten und eine Situation zu entspannen.<\/strong><\/p><p><strong>Wann? &gt;&gt; Freitag, 14. M\u00e4rz 2024 um 18.30 Uhr (ohne eigene Hunde)<\/strong><\/p><p><strong>Wo? &gt;&gt; Hundeplatz der Pyrmonter Hundefreunde e.V. (Vereinsheim) Vogelreichsweg 80i (direkt am Wald) in 31812 Bad Pyrmont<\/strong><\/p><p><strong>Kosten? &gt;&gt; f\u00fcr Mitglieder kostenlos; f\u00fcr G\u00e4ste 10 Euro (f\u00fcr den Verein)<\/strong><\/p><p><strong>Anmeldung? Handy: 0175 4693580 (Evelyn Buchholz-Dassen)<\/strong><\/p><\/div><div class=\"n module-type-text diyfeLiveArea \"><p><strong>Workshop: &#8222;Nonverbale Hundef\u00fchrung&#8220;<\/strong><\/p><p><strong>Wann? &gt;&gt; jeweils samstags;<\/strong><\/p><p><strong>13.04.2024 um 11 Uhr<\/strong><\/p><p><strong>20.04.2024 um 11 Uhr;<\/strong><\/p><p><strong>27.04.2024 um 11 Uhr;<\/strong><\/p><p><strong>04.05.2024 um 11 Uhr<\/strong><\/p><p><strong>Kosten? &gt;&gt; f\u00fcr Mitglieder 20 Euro; f\u00fcr G\u00e4ste 40 Euro (jeweils f\u00fcr den Verein)<\/strong><\/p><p><strong>Anmeldung? Handy 0175 4693580 (Evelyn Evelyn Buchholz-Dassen)<\/strong><\/p><p><strong>In diesem Workshop wollen wir eine etwas andere Art der Hundef\u00fchrung kennen und umsetzen lernen, die sich von dem \u00fcblichen Training schon dadurch unterscheidet, dass vor allem die Menschen und nicht die Hunde korrigiert werden. Deswegen sind Kekse als Belohnung nicht unbedingt sinnvoll, auch wenn sie sonst durchaus bereichernd sein k\u00f6nnen. Selbstverst\u00e4ndlich d\u00fcrfen diese Belohnungen mitgebracht werden, denn die Hunde werden ihre Menschen neu erfahren und brauchen evtl. mal einen Hinweis aus dem alten Verhaltensmuster (genau wie ihre Menschen) Es wird eine spannende Reise, die je nach Bedarf sp\u00e4ter auch fortgesetzt werden kann. Bitte beachtet, dass \u201eFlexileinen\u201c absolut tabu sind und wir nur mit festen Leinen diverser L\u00e4ngen arbeiten (wer hat, bringt seine bitte mit).<\/strong><\/p><p><strong>Achtung: der Workshop ist auf 6 Teams begrenzt; Pl\u00e4tze werden nach Reihenfolge der Anmeldungen vergeben.<\/strong><\/p><\/div><div class=\"n module-type-imageSubtitle diyfeLiveArea \"><div id=\"imageSubtitle-5825846453\" class=\"clearover imageSubtitle\"><div class=\"align-container align-left\"><a class=\"imagewrapper\" href=\"https:\/\/www.pyrmonterhundefreunde.de\/s\/cc_images\/teaserbox_2495954063.jpg?t=1706093377\" rel=\"lightbox[5825846453]\"><img decoding=\"async\" id=\"image_2495954063\" src=\"https:\/\/www.pyrmonterhundefreunde.de\/s\/cc_images\/cache_2495954063.jpg?t=1706093377\" alt=\"\" \/><\/a><\/div><\/div><\/div><\/div><\/div><\/div><\/div><\/div><\/div><\/div>\t\t\t\t\t\t\t\t<\/div>\n\t\t\t\t<\/div>\n\t\t\t\t<\/div>\n\t\t","protected":false},"excerpt":{"rendered":"<p>\u00a0 06.12.2024 Teamteaching: Hundekinder Intensivkurs Du hast einen Welpen oder einen Junghund (bis 6 Monate)? Du m\u00f6chtest, dass er nicht nur auf dem Hundeplatz dressiert wird und spielt, sondern dass ihr vor allem im Alltag ein gutes Team werdet? Wir bieten daher einen Intensivkurs an, in dem die Voraussetzungen des harmonischen Zusammenlebens von Hund und [&hellip;]<\/p>\n","protected":false},"author":1,"featured_media":0,"parent":134,"menu_order":0,"comment_status":"closed","ping_status":"closed","template":"elementor_theme","meta":{"_mc_calendar":[],"footnotes":""},"class_list":["post-163","page","type-page","status-publish","hentry"],"_links":{"self":[{"href":"https:\/\/www.pyrmonterhundefreunde.de\/wordpress-neu\/index.php\/wp-json\/wp\/v2\/pages\/163","targetHints":{"allow":["GET"]}}],"collection":[{"href":"https:\/\/www.pyrmonterhundefreunde.de\/wordpress-neu\/index.php\/wp-json\/wp\/v2\/pages"}],"about":[{"href":"https:\/\/www.pyrmonterhundefreunde.de\/wordpress-neu\/index.php\/wp-json\/wp\/v2\/types\/page"}],"author":[{"embeddable":true,"href":"https:\/\/www.pyrmonterhundefreunde.de\/wordpress-neu\/index.php\/wp-json\/wp\/v2\/users\/1"}],"replies":[{"embeddable":true,"href":"https:\/\/www.pyrmonterhundefreunde.de\/wordpress-neu\/index.php\/wp-json\/wp\/v2\/comments?post=163"}],"version-history":[{"count":14,"href":"https:\/\/www.pyrmonterhundefreunde.de\/wordpress-neu\/index.php\/wp-json\/wp\/v2\/pages\/163\/revisions"}],"predecessor-version":[{"id":807,"href":"https:\/\/www.pyrmonterhundefreunde.de\/wordpress-neu\/index.php\/wp-json\/wp\/v2\/pages\/163\/revisions\/807"}],"up":[{"embeddable":true,"href":"https:\/\/www.pyrmonterhundefreunde.de\/wordpress-neu\/index.php\/wp-json\/wp\/v2\/pages\/134"}],"wp:attachment":[{"href":"https:\/\/www.pyrmonterhundefreunde.de\/wordpress-neu\/index.php\/wp-json\/wp\/v2\/media?parent=163"}],"curies":[{"name":"wp","href":"https:\/\/api.w.org\/{rel}","templated":true}]}}