{"id":1902,"date":"2026-03-03T13:41:26","date_gmt":"2026-03-03T12:41:26","guid":{"rendered":"https:\/\/www.pyrmonterhundefreunde.de\/wordpress-neu\/?page_id=1902"},"modified":"2026-03-03T13:41:31","modified_gmt":"2026-03-03T12:41:31","slug":"kombitraining","status":"publish","type":"page","link":"https:\/\/www.pyrmonterhundefreunde.de\/wordpress-neu\/index.php\/kombitraining\/","title":{"rendered":"Kombitraining"},"content":{"rendered":"<style>.elementor-1902 .elementor-element.elementor-element-2ac819c{--display:flex;--flex-direction:row;--container-widget-width:initial;--container-widget-height:100%;--container-widget-flex-grow:1;--container-widget-align-self:stretch;--flex-wrap-mobile:wrap;--gap:0px 0px;--row-gap:0px;--column-gap:0px;}.elementor-1902 .elementor-element.elementor-element-2ac819c.e-con{--flex-grow:0;--flex-shrink:0;}.elementor-1902 .elementor-element.elementor-element-1735203{--display:flex;--flex-direction:column;--container-widget-width:100%;--container-widget-height:initial;--container-widget-flex-grow:0;--container-widget-align-self:initial;--flex-wrap-mobile:wrap;}.elementor-1902 .elementor-element.elementor-element-1735203.e-con{--flex-grow:0;--flex-shrink:0;}.elementor-1902 .elementor-element.elementor-element-85d9a74{width:var( --container-widget-width, 93.542% );max-width:93.542%;--container-widget-width:93.542%;--container-widget-flex-grow:0;}.elementor-1902 .elementor-element.elementor-element-85d9a74.elementor-element{--flex-grow:0;--flex-shrink:0;}.elementor-1902 .elementor-element.elementor-element-a3e7fbb{--display:flex;--flex-direction:column;--container-widget-width:100%;--container-widget-height:initial;--container-widget-flex-grow:0;--container-widget-align-self:initial;--flex-wrap-mobile:wrap;--margin-top:22px;--margin-bottom:0px;--margin-left:0px;--margin-right:0px;}.elementor-1902 .elementor-element.elementor-element-a3e7fbb.e-con{--flex-grow:0;--flex-shrink:0;}.elementor-1902 .elementor-element.elementor-element-eea2912{text-align:justify;width:var( --container-widget-width, 104.577% );max-width:104.577%;--container-widget-width:104.577%;--container-widget-flex-grow:0;}.elementor-1902 .elementor-element.elementor-element-eea2912.elementor-element{--flex-grow:0;--flex-shrink:0;}@media(min-width:768px){.elementor-1902 .elementor-element.elementor-element-2ac819c{--width:95%;}.elementor-1902 .elementor-element.elementor-element-1735203{--width:26.051%;}.elementor-1902 .elementor-element.elementor-element-a3e7fbb{--width:66.844%;}}<\/style>\t\t<div data-elementor-type=\"wp-page\" data-elementor-id=\"1902\" class=\"elementor elementor-1902\" data-elementor-post-type=\"page\">\n\t\t\t\t<div class=\"elementor-element elementor-element-2ac819c e-con-full e-flex e-con e-parent\" data-id=\"2ac819c\" data-element_type=\"container\" data-e-type=\"container\">\n\t\t<div class=\"elementor-element elementor-element-1735203 e-con-full e-flex e-con e-child\" data-id=\"1735203\" data-element_type=\"container\" data-e-type=\"container\">\n\t\t\t\t<div class=\"elementor-element elementor-element-85d9a74 elementor-widget__width-initial elementor-widget elementor-widget-image\" data-id=\"85d9a74\" data-element_type=\"widget\" data-e-type=\"widget\" data-widget_type=\"image.default\">\n\t\t\t\t\t\t\t\t\t\t\t\t\t\t\t<img decoding=\"async\" src=\"https:\/\/www.pyrmonterhundefreunde.de\/wordpress-neu\/wp-content\/uploads\/elementor\/thumbs\/teaserbox_2487599594-1-rjc0nycmqaor9ki94j6ig7pkkux6ldd308g2vmf36g.jpg\" title=\"teaserbox_2487599594\" alt=\"teaserbox_2487599594\" loading=\"lazy\" \/>\t\t\t\t\t\t\t\t\t\t\t\t\t\t\t<\/div>\n\t\t\t\t<\/div>\n\t\t<div class=\"elementor-element elementor-element-a3e7fbb e-con-full e-flex e-con e-child\" data-id=\"a3e7fbb\" data-element_type=\"container\" data-e-type=\"container\">\n\t\t\t\t<div class=\"elementor-element elementor-element-eea2912 elementor-widget__width-initial elementor-widget elementor-widget-text-editor\" data-id=\"eea2912\" data-element_type=\"widget\" data-e-type=\"widget\" data-widget_type=\"text-editor.default\">\n\t\t\t\t\t\t\t\t\t<p class=\"MsoNormal\"><span style=\"font-size: 14.0pt; line-height: 107%; font-family: 'Times New Roman',serif;\">Das Kombitraining ist ein Mix von Elementen aus dem Begleithundetraining, Obedience-Sport, Begegnungstraining, Impulskontrolltraining, Konzentration, Kooperation uvm.<\/span><\/p><p class=\"MsoNormal\"><span style=\"font-size: 14.0pt; line-height: 107%; font-family: 'Times New Roman',serif;\">Es eignet sich sowohl f\u00fcr Menschen mit Pr\u00fcfungsambitionen als auch f\u00fcr Menschen, die sich und ihren Hunden mal eine andere Art der Besch\u00e4ftigung erm\u00f6glichen m\u00f6chten.<\/span><\/p><p class=\"MsoNormal\"><span style=\"font-size: 14.0pt; line-height: 107%; font-family: 'Times New Roman',serif;\">Da individuell auf die Teams eingegangen wird, werden die \u00dcbungen und deren Ausf\u00fchrung auch in der Gruppe entsprechend den jeweiligen Teams angepasst.<\/span><\/p><p class=\"MsoNormal\"><b><i><span style=\"font-size: 14.0pt; line-height: 107%; font-family: 'Times New Roman',serif; color: #c00000;\">WICHTIG &gt;&gt; <\/span><\/i><\/b><b><i><span style=\"font-size: 14.0pt; line-height: 107%; font-family: 'Times New Roman',serif;\">F\u00fcr eine starke Beeintr\u00e4chtigung der Impulskontrolle werden gesondert spezielle Einzel- und Thementrainings angeboten; diese sind nicht Gegenstand des Kombitrainings.<\/span><\/i><\/b><\/p><p class=\"MsoNormal\"><b><i><span style=\"font-size: 14.0pt; line-height: 107%; font-family: 'Times New Roman',serif;\">Eine Voranmeldung auch zum Schnuppern ist aus organisatorischen Gr\u00fcnden obligatorisch. Gerne kann nach Terminabsprache auch ein kostenloses Vorabtreffen mit Hund erfolgen.<\/span><\/i><\/b><\/p><p>\u00a0<\/p><p class=\"MsoNormal\"><b><i><span style=\"font-size: 14.0pt; line-height: 107%; font-family: 'Times New Roman',serif; color: #c00000;\">Kontakt &gt;&gt; <\/span><\/i><\/b><b><i><span style=\"font-size: 14.0pt; line-height: 107%; font-family: 'Times New Roman',serif;\">Evelyn Buchholz-Dassen, Tel. mobil: 0175-4693580<\/span><\/i><\/b><\/p>\t\t\t\t\t\t\t\t<\/div>\n\t\t\t\t<\/div>\n\t\t\t\t<\/div>\n\t\t\t\t<\/div>\n\t\t","protected":false},"excerpt":{"rendered":"<p>Das Kombitraining ist ein Mix von Elementen aus dem Begleithundetraining, Obedience-Sport, Begegnungstraining, Impulskontrolltraining, Konzentration, Kooperation uvm. Es eignet sich sowohl f\u00fcr Menschen mit Pr\u00fcfungsambitionen als auch f\u00fcr Menschen, die sich und ihren Hunden mal eine andere Art der Besch\u00e4ftigung erm\u00f6glichen m\u00f6chten. Da individuell auf die Teams eingegangen wird, werden die \u00dcbungen und deren Ausf\u00fchrung auch [&hellip;]<\/p>\n","protected":false},"author":1,"featured_media":0,"parent":0,"menu_order":0,"comment_status":"closed","ping_status":"closed","template":"","meta":{"_mc_calendar":[],"footnotes":""},"class_list":["post-1902","page","type-page","status-publish","hentry"],"_links":{"self":[{"href":"https:\/\/www.pyrmonterhundefreunde.de\/wordpress-neu\/index.php\/wp-json\/wp\/v2\/pages\/1902","targetHints":{"allow":["GET"]}}],"collection":[{"href":"https:\/\/www.pyrmonterhundefreunde.de\/wordpress-neu\/index.php\/wp-json\/wp\/v2\/pages"}],"about":[{"href":"https:\/\/www.pyrmonterhundefreunde.de\/wordpress-neu\/index.php\/wp-json\/wp\/v2\/types\/page"}],"author":[{"embeddable":true,"href":"https:\/\/www.pyrmonterhundefreunde.de\/wordpress-neu\/index.php\/wp-json\/wp\/v2\/users\/1"}],"replies":[{"embeddable":true,"href":"https:\/\/www.pyrmonterhundefreunde.de\/wordpress-neu\/index.php\/wp-json\/wp\/v2\/comments?post=1902"}],"version-history":[{"count":4,"href":"https:\/\/www.pyrmonterhundefreunde.de\/wordpress-neu\/index.php\/wp-json\/wp\/v2\/pages\/1902\/revisions"}],"predecessor-version":[{"id":1907,"href":"https:\/\/www.pyrmonterhundefreunde.de\/wordpress-neu\/index.php\/wp-json\/wp\/v2\/pages\/1902\/revisions\/1907"}],"wp:attachment":[{"href":"https:\/\/www.pyrmonterhundefreunde.de\/wordpress-neu\/index.php\/wp-json\/wp\/v2\/media?parent=1902"}],"curies":[{"name":"wp","href":"https:\/\/api.w.org\/{rel}","templated":true}]}}