{"id":219,"date":"2026-02-12T09:06:05","date_gmt":"2026-02-12T08:06:05","guid":{"rendered":"https:\/\/kh-10405.jupiter.web.de-serv.de\/wordpress-neu\/?page_id=219"},"modified":"2026-02-19T12:54:16","modified_gmt":"2026-02-19T11:54:16","slug":"unsere-trainerinnen","status":"publish","type":"page","link":"https:\/\/www.pyrmonterhundefreunde.de\/wordpress-neu\/index.php\/unsere-trainerinnen\/","title":{"rendered":"Unsere Trainerin Bettina Sheridan"},"content":{"rendered":"\t\t<div data-elementor-type=\"wp-page\" data-elementor-id=\"219\" class=\"elementor elementor-219\" data-elementor-post-type=\"page\">\n\t\t\t\t<div class=\"elementor-element elementor-element-baf827a e-con-full e-flex e-con e-parent\" data-id=\"baf827a\" data-element_type=\"container\" data-e-type=\"container\">\n\t\t\t\t<div class=\"elementor-element elementor-element-8eee033 elementor-widget__width-initial elementor-widget elementor-widget-image\" data-id=\"8eee033\" data-element_type=\"widget\" data-e-type=\"widget\" data-widget_type=\"image.default\">\n\t\t\t\t\t\t\t\t\t\t\t\t\t\t\t<img fetchpriority=\"high\" decoding=\"async\" width=\"691\" height=\"1024\" src=\"https:\/\/www.pyrmonterhundefreunde.de\/wordpress-neu\/wp-content\/uploads\/2026\/02\/IMG-20220330-WA0008.jpg\" class=\"attachment-large size-large wp-image-58\" alt=\"\" \/>\t\t\t\t\t\t\t\t\t\t\t\t\t\t\t<\/div>\n\t\t\t\t<div class=\"elementor-element elementor-element-662a072 elementor-widget__width-initial elementor-widget elementor-widget-text-editor\" data-id=\"662a072\" data-element_type=\"widget\" data-e-type=\"widget\" data-widget_type=\"text-editor.default\">\n\t\t\t\t\t\t\t\t\t<div class=\"n module-type-textWithImage diyfeLiveArea \"><div id=\"textWithImage-5824582760\" class=\"clearover \"><div class=\"textwrapper\"><h6>&#8222;Nur gemeinsam sind wir stark!&#8220;<\/h6><p><strong>Darum geht es bei mir und meinem Training.<\/strong><\/p><p><strong>Ich habe durch meine Hunde viel gelernt, n\u00e4mlich, dass nur ein Miteinander zum Erfolg f\u00fchrt. Nur dann kann man ein harmonisches Team werden. Man muss sich aufeinander verlassen k\u00f6nnen und aufeinander achten. Im Dogdance merkt man das ganz schnell und w\u00e4chst stark zusammen.<\/strong><\/p><p><strong>Aufgrund der HD-Diagnose meiner Wednesday, habe ich mich im Fitnesstraining weitergebildet, um ihr bestm\u00f6gliche Unterst\u00fctzung zu geben, lange schmerzfrei zu sein. Dadurch lernte ich, dass Hunde (auch gesunde) erst eine optimale Bewegung lernen m\u00fcssen und gar nicht die komplette Beweglichkeit ihrer Gelenke ausnutzen, wenn nur spazieren gegangen wird. Dieses Wissen m\u00f6chte ich an andere durch gemeinsames Trainieren weiter geben, damit jeder Hund lange fit und gesund bleibt.<\/strong><\/p><p><strong>Zurzeit arbeite ich noch als Lehrerin, bin aber dabei, mich umzuorientieren und mich hauptberuflich um die Fitness von Hunden zu k\u00fcmmern. Dieses liebe ich und hier geh\u00f6rt mein Herz hin. Ich mache Dogdance, Hundefitness, Trickdogging und Workshops mit unterschiedlichen Themen.<\/strong><\/p><p><strong>Ich freue mich darauf, zusammen mit euch und euren Hunden Spa\u00df zu haben!<\/strong><\/p><\/div><\/div><\/div>\t\t\t\t\t\t\t\t<\/div>\n\t\t\t\t<\/div>\n\t\t\t\t<\/div>\n\t\t","protected":false},"excerpt":{"rendered":"<p>&#8222;Nur gemeinsam sind wir stark!&#8220; Darum geht es bei mir und meinem Training. Ich habe durch meine Hunde viel gelernt, n\u00e4mlich, dass nur ein Miteinander zum Erfolg f\u00fchrt. Nur dann kann man ein harmonisches Team werden. Man muss sich aufeinander verlassen k\u00f6nnen und aufeinander achten. Im Dogdance merkt man das ganz schnell und w\u00e4chst stark [&hellip;]<\/p>\n","protected":false},"author":1,"featured_media":0,"parent":0,"menu_order":0,"comment_status":"closed","ping_status":"closed","template":"","meta":{"_mc_calendar":[],"footnotes":""},"class_list":["post-219","page","type-page","status-publish","hentry"],"_links":{"self":[{"href":"https:\/\/www.pyrmonterhundefreunde.de\/wordpress-neu\/index.php\/wp-json\/wp\/v2\/pages\/219","targetHints":{"allow":["GET"]}}],"collection":[{"href":"https:\/\/www.pyrmonterhundefreunde.de\/wordpress-neu\/index.php\/wp-json\/wp\/v2\/pages"}],"about":[{"href":"https:\/\/www.pyrmonterhundefreunde.de\/wordpress-neu\/index.php\/wp-json\/wp\/v2\/types\/page"}],"author":[{"embeddable":true,"href":"https:\/\/www.pyrmonterhundefreunde.de\/wordpress-neu\/index.php\/wp-json\/wp\/v2\/users\/1"}],"replies":[{"embeddable":true,"href":"https:\/\/www.pyrmonterhundefreunde.de\/wordpress-neu\/index.php\/wp-json\/wp\/v2\/comments?post=219"}],"version-history":[{"count":29,"href":"https:\/\/www.pyrmonterhundefreunde.de\/wordpress-neu\/index.php\/wp-json\/wp\/v2\/pages\/219\/revisions"}],"predecessor-version":[{"id":1079,"href":"https:\/\/www.pyrmonterhundefreunde.de\/wordpress-neu\/index.php\/wp-json\/wp\/v2\/pages\/219\/revisions\/1079"}],"wp:attachment":[{"href":"https:\/\/www.pyrmonterhundefreunde.de\/wordpress-neu\/index.php\/wp-json\/wp\/v2\/media?parent=219"}],"curies":[{"name":"wp","href":"https:\/\/api.w.org\/{rel}","templated":true}]}}