{"id":225,"date":"2026-02-12T09:06:33","date_gmt":"2026-02-12T08:06:33","guid":{"rendered":"https:\/\/kh-10405.jupiter.web.de-serv.de\/wordpress-neu\/?page_id=225"},"modified":"2026-02-17T10:22:13","modified_gmt":"2026-02-17T09:22:13","slug":"welpen-junghunde","status":"publish","type":"page","link":"https:\/\/www.pyrmonterhundefreunde.de\/wordpress-neu\/index.php\/welpen-junghunde\/","title":{"rendered":"Welpen &#038; Junghunde"},"content":{"rendered":"<style>.elementor-225 .elementor-element.elementor-element-89ccdf8{--display:flex;--flex-direction:row;--container-widget-width:initial;--container-widget-height:100%;--container-widget-flex-grow:1;--container-widget-align-self:stretch;--flex-wrap-mobile:wrap;--justify-content:space-evenly;}.elementor-225 .elementor-element.elementor-element-9d1a426{width:var( --container-widget-width, 19.969% );max-width:19.969%;--container-widget-width:19.969%;--container-widget-flex-grow:0;}.elementor-225 .elementor-element.elementor-element-9d1a426.elementor-element{--flex-grow:0;--flex-shrink:0;}.elementor-225 .elementor-element.elementor-element-51ffb44{text-align:center;}.elementor-225 .elementor-element.elementor-element-0e8b9ad{--display:flex;--flex-direction:row;--container-widget-width:initial;--container-widget-height:100%;--container-widget-flex-grow:1;--container-widget-align-self:stretch;--flex-wrap-mobile:wrap;}.elementor-225 .elementor-element.elementor-element-0e8b9ad.e-con{--flex-grow:0;--flex-shrink:0;}.elementor-225 .elementor-element.elementor-element-9604662{text-align:justify;width:var( --container-widget-width, 48.873% );max-width:48.873%;--container-widget-width:48.873%;--container-widget-flex-grow:0;}.elementor-225 .elementor-element.elementor-element-9604662.elementor-element{--flex-grow:0;--flex-shrink:0;}.elementor-225 .elementor-element.elementor-element-999765a{text-align:justify;}@media(min-width:768px){.elementor-225 .elementor-element.elementor-element-0e8b9ad{--width:96.041%;}}<\/style>\t\t<div data-elementor-type=\"wp-page\" data-elementor-id=\"225\" class=\"elementor elementor-225\" data-elementor-post-type=\"page\">\n\t\t\t\t<div class=\"elementor-element elementor-element-89ccdf8 e-flex e-con-boxed e-con e-parent\" data-id=\"89ccdf8\" data-element_type=\"container\" data-e-type=\"container\">\n\t\t\t\t\t<div class=\"e-con-inner\">\n\t\t\t\t<div class=\"elementor-element elementor-element-9d1a426 elementor-widget__width-initial elementor-widget elementor-widget-image\" data-id=\"9d1a426\" data-element_type=\"widget\" data-e-type=\"widget\" data-widget_type=\"image.default\">\n\t\t\t\t\t\t\t\t\t\t\t\t\t\t\t<img fetchpriority=\"high\" decoding=\"async\" width=\"775\" height=\"1024\" src=\"https:\/\/www.pyrmonterhundefreunde.de\/wordpress-neu\/wp-content\/uploads\/2026\/02\/1770985012cfb4.png\" class=\"attachment-large size-large wp-image-458\" alt=\"\" \/>\t\t\t\t\t\t\t\t\t\t\t\t\t\t\t<\/div>\n\t\t\t\t<div class=\"elementor-element elementor-element-51ffb44 elementor-widget elementor-widget-image\" data-id=\"51ffb44\" data-element_type=\"widget\" data-e-type=\"widget\" data-widget_type=\"image.default\">\n\t\t\t\t\t\t\t\t\t\t\t\t\t\t\t<img decoding=\"async\" width=\"300\" height=\"300\" src=\"https:\/\/www.pyrmonterhundefreunde.de\/wordpress-neu\/wp-content\/uploads\/2026\/02\/IMG_20200309_195858_018.jpg\" class=\"attachment-medium size-medium wp-image-48\" alt=\"\" \/>\t\t\t\t\t\t\t\t\t\t\t\t\t\t\t<\/div>\n\t\t\t\t\t<\/div>\n\t\t\t\t<\/div>\n\t\t<div class=\"elementor-element elementor-element-0e8b9ad e-con-full e-flex e-con e-parent\" data-id=\"0e8b9ad\" data-element_type=\"container\" data-e-type=\"container\">\n\t\t\t\t<div class=\"elementor-element elementor-element-9604662 elementor-widget__width-initial elementor-widget elementor-widget-text-editor\" data-id=\"9604662\" data-element_type=\"widget\" data-e-type=\"widget\" data-widget_type=\"text-editor.default\">\n\t\t\t\t\t\t\t\t\t<p style=\"text-align: center;\"><strong>Welpentraining<\/strong><\/p><p><strong>Bei der Welpenf\u00f6rderung geht es nicht nur darum, dass die Kleinen miteinander spielen und sich so ausprobieren, sondern vor allem um Bindungs- und Beziehungsaufbau. Dazu bew\u00e4ltigen wir gemeinsam einen kleinen Welpenpacours, f\u00fchren erste, individuell angepasste Trainingssequenzen durch und stellen Alltagssituationen nach. Weil das Leben au\u00dferhalb des Hundeplatzes stattfindet, ist das A&amp;O jeglicher Mensch-Hund-Beziehung, dass sich der Hund am Menschen orientiert und nicht zuerst an anderen Hunden. Auch dies wird freundlich, spielerisch und belohnend vermittelt.<\/strong><\/p><p><strong>Infos bei Evelyn Buchholz-Dassen, Mobil: 0175 4693580<\/strong><\/p>\t\t\t\t\t\t\t\t<\/div>\n\t\t\t\t<div class=\"elementor-element elementor-element-999765a elementor-widget elementor-widget-text-editor\" data-id=\"999765a\" data-element_type=\"widget\" data-e-type=\"widget\" data-widget_type=\"text-editor.default\">\n\t\t\t\t\t\t\t\t\t<p style=\"text-align: center;\"><strong>Junghundetraining<\/strong><\/p><p><strong>Die Junghunde werden in der Regel eingeteilt in Junghunde I f\u00fcr 5 bis 8 Lebensmonate und Junghunde II f\u00fcr 9 bis 12 Lebensmonate, wobei dies zus\u00e4tzlich noch nach Entwicklungsstand variieren kann. <\/strong><strong>Hier werden Anweisungen wie Leinenf\u00fchrung, R\u00fcckruf usw. je nach Alter intensiver trainiert. Impulskontrolle, Frustrationstoleranz , Distanzkontrolle u.\u00c4. sind ebenso Bestandteil des Trainings, da dies im Alltag st\u00e4ndiges Thema ist. Ein Frei&#8220;spiel&#8220; gibt es ab diesem Alter nicht mehr, denn da geht es prim\u00e4r um\u00b4s Kr\u00e4fte messen (mental und physisch), doch kann ein Freilauf unter bestimmten Bedingungen m\u00f6glich sein.<\/strong><\/p><p><strong>Infos bei Evelyn-Buchholz-Dassen, Mobil: 0175 4693580<\/strong><\/p>\t\t\t\t\t\t\t\t<\/div>\n\t\t\t\t<\/div>\n\t\t\t\t<\/div>\n\t\t","protected":false},"excerpt":{"rendered":"<p>Welpentraining Bei der Welpenf\u00f6rderung geht es nicht nur darum, dass die Kleinen miteinander spielen und sich so ausprobieren, sondern vor allem um Bindungs- und Beziehungsaufbau. Dazu bew\u00e4ltigen wir gemeinsam einen kleinen Welpenpacours, f\u00fchren erste, individuell angepasste Trainingssequenzen durch und stellen Alltagssituationen nach. Weil das Leben au\u00dferhalb des Hundeplatzes stattfindet, ist das A&amp;O jeglicher Mensch-Hund-Beziehung, dass [&hellip;]<\/p>\n","protected":false},"author":1,"featured_media":0,"parent":0,"menu_order":0,"comment_status":"closed","ping_status":"closed","template":"","meta":{"_mc_calendar":[],"footnotes":""},"class_list":["post-225","page","type-page","status-publish","hentry"],"_links":{"self":[{"href":"https:\/\/www.pyrmonterhundefreunde.de\/wordpress-neu\/index.php\/wp-json\/wp\/v2\/pages\/225","targetHints":{"allow":["GET"]}}],"collection":[{"href":"https:\/\/www.pyrmonterhundefreunde.de\/wordpress-neu\/index.php\/wp-json\/wp\/v2\/pages"}],"about":[{"href":"https:\/\/www.pyrmonterhundefreunde.de\/wordpress-neu\/index.php\/wp-json\/wp\/v2\/types\/page"}],"author":[{"embeddable":true,"href":"https:\/\/www.pyrmonterhundefreunde.de\/wordpress-neu\/index.php\/wp-json\/wp\/v2\/users\/1"}],"replies":[{"embeddable":true,"href":"https:\/\/www.pyrmonterhundefreunde.de\/wordpress-neu\/index.php\/wp-json\/wp\/v2\/comments?post=225"}],"version-history":[{"count":32,"href":"https:\/\/www.pyrmonterhundefreunde.de\/wordpress-neu\/index.php\/wp-json\/wp\/v2\/pages\/225\/revisions"}],"predecessor-version":[{"id":709,"href":"https:\/\/www.pyrmonterhundefreunde.de\/wordpress-neu\/index.php\/wp-json\/wp\/v2\/pages\/225\/revisions\/709"}],"wp:attachment":[{"href":"https:\/\/www.pyrmonterhundefreunde.de\/wordpress-neu\/index.php\/wp-json\/wp\/v2\/media?parent=225"}],"curies":[{"name":"wp","href":"https:\/\/api.w.org\/{rel}","templated":true}]}}