{"id":231,"date":"2026-02-12T09:07:26","date_gmt":"2026-02-12T08:07:26","guid":{"rendered":"https:\/\/kh-10405.jupiter.web.de-serv.de\/wordpress-neu\/?page_id=231"},"modified":"2026-02-22T10:43:31","modified_gmt":"2026-02-22T09:43:31","slug":"einzeltraining","status":"publish","type":"page","link":"https:\/\/www.pyrmonterhundefreunde.de\/wordpress-neu\/index.php\/einzeltraining\/","title":{"rendered":"Einzeltraining"},"content":{"rendered":"<style>.elementor-231 .elementor-element.elementor-element-31cdeab{--display:flex;--flex-direction:column-reverse;--container-widget-width:calc( ( 1 - var( --container-widget-flex-grow ) ) * 100% );--container-widget-height:initial;--container-widget-flex-grow:0;--container-widget-align-self:initial;--flex-wrap-mobile:wrap;--align-items:stretch;}.elementor-231 .elementor-element.elementor-element-31cdeab.e-con{--flex-grow:0;--flex-shrink:0;}.elementor-231 .elementor-element.elementor-element-477d69b{text-align:justify;font-family:var( --e-global-typography-accent-font-family ), Sans-serif;font-size:var( --e-global-typography-accent-font-size );font-weight:var( --e-global-typography-accent-font-weight );}@media(min-width:768px){.elementor-231 .elementor-element.elementor-element-31cdeab{--width:54.683%;}}@media(max-width:1024px){.elementor-231 .elementor-element.elementor-element-477d69b{font-size:var( --e-global-typography-accent-font-size );}}@media(max-width:767px){.elementor-231 .elementor-element.elementor-element-477d69b{font-size:var( --e-global-typography-accent-font-size );}}<\/style>\t\t<div data-elementor-type=\"wp-page\" data-elementor-id=\"231\" class=\"elementor elementor-231\" data-elementor-post-type=\"page\">\n\t\t\t\t<div class=\"elementor-element elementor-element-31cdeab e-con-full e-flex e-con e-parent\" data-id=\"31cdeab\" data-element_type=\"container\" data-e-type=\"container\">\n\t\t\t\t<div class=\"elementor-element elementor-element-477d69b elementor-widget elementor-widget-text-editor\" data-id=\"477d69b\" data-element_type=\"widget\" data-e-type=\"widget\" data-widget_type=\"text-editor.default\">\n\t\t\t\t\t\t\t\t\t<div class=\"n module-type-header diyfeLiveArea \"><p>Das Einzeltraining ist f\u00fcr Hundehalter\/innen, die ein intensiveres Coaching m\u00f6chten, nicht an den Gruppenangeboten teilnehmen k\u00f6nnen oder das eine oder andere Problemchen aufgearbeitet haben m\u00f6chten. <img fetchpriority=\"high\" decoding=\"async\" class=\"wp-image-60 aligncenter\" src=\"https:\/\/www.pyrmonterhundefreunde.de\/wordpress-neu\/wp-content\/uploads\/2026\/02\/IMG-20240706-WA0013-1.jpg\" alt=\"\" width=\"246\" height=\"350\" \/>Aber auch Hunde, die schlicht in Gruppen \u00fcberfordert sind, k\u00f6nnen im Einzeltraining &#8222;auftauen&#8220; und besser lernen, sodass sie auch im Alltag entspannter durch\u00b4s Leben gehen.<br \/>Das Einzeltraining findet nach Absprache statt.<br \/>Bei Interesse bitte Anfrage an Evelyn Buchholz-Dassen, Mobil: 0175 4693580<\/p><p style=\"text-align: left;\">\u00a0<\/p><\/div>\t\t\t\t\t\t\t\t<\/div>\n\t\t\t\t<\/div>\n\t\t\t\t<\/div>\n\t\t","protected":false},"excerpt":{"rendered":"<p>Das Einzeltraining ist f\u00fcr Hundehalter\/innen, die ein intensiveres Coaching m\u00f6chten, nicht an den Gruppenangeboten teilnehmen k\u00f6nnen oder das eine oder andere Problemchen aufgearbeitet haben m\u00f6chten. Aber auch Hunde, die schlicht in Gruppen \u00fcberfordert sind, k\u00f6nnen im Einzeltraining &#8222;auftauen&#8220; und besser lernen, sodass sie auch im Alltag entspannter durch\u00b4s Leben gehen.Das Einzeltraining findet nach Absprache statt.Bei [&hellip;]<\/p>\n","protected":false},"author":1,"featured_media":0,"parent":0,"menu_order":0,"comment_status":"closed","ping_status":"closed","template":"","meta":{"_mc_calendar":[],"footnotes":""},"class_list":["post-231","page","type-page","status-publish","hentry"],"_links":{"self":[{"href":"https:\/\/www.pyrmonterhundefreunde.de\/wordpress-neu\/index.php\/wp-json\/wp\/v2\/pages\/231","targetHints":{"allow":["GET"]}}],"collection":[{"href":"https:\/\/www.pyrmonterhundefreunde.de\/wordpress-neu\/index.php\/wp-json\/wp\/v2\/pages"}],"about":[{"href":"https:\/\/www.pyrmonterhundefreunde.de\/wordpress-neu\/index.php\/wp-json\/wp\/v2\/types\/page"}],"author":[{"embeddable":true,"href":"https:\/\/www.pyrmonterhundefreunde.de\/wordpress-neu\/index.php\/wp-json\/wp\/v2\/users\/1"}],"replies":[{"embeddable":true,"href":"https:\/\/www.pyrmonterhundefreunde.de\/wordpress-neu\/index.php\/wp-json\/wp\/v2\/comments?post=231"}],"version-history":[{"count":22,"href":"https:\/\/www.pyrmonterhundefreunde.de\/wordpress-neu\/index.php\/wp-json\/wp\/v2\/pages\/231\/revisions"}],"predecessor-version":[{"id":1485,"href":"https:\/\/www.pyrmonterhundefreunde.de\/wordpress-neu\/index.php\/wp-json\/wp\/v2\/pages\/231\/revisions\/1485"}],"wp:attachment":[{"href":"https:\/\/www.pyrmonterhundefreunde.de\/wordpress-neu\/index.php\/wp-json\/wp\/v2\/media?parent=231"}],"curies":[{"name":"wp","href":"https:\/\/api.w.org\/{rel}","templated":true}]}}