{"id":237,"date":"2026-02-12T09:07:59","date_gmt":"2026-02-12T08:07:59","guid":{"rendered":"https:\/\/kh-10405.jupiter.web.de-serv.de\/wordpress-neu\/?page_id=237"},"modified":"2026-02-25T10:30:48","modified_gmt":"2026-02-25T09:30:48","slug":"hundefitness","status":"publish","type":"page","link":"https:\/\/www.pyrmonterhundefreunde.de\/wordpress-neu\/index.php\/hundefitness\/","title":{"rendered":"Hundefitness"},"content":{"rendered":"<style>.elementor-237 .elementor-element.elementor-element-45c817f{--display:flex;--flex-direction:column;--container-widget-width:100%;--container-widget-height:initial;--container-widget-flex-grow:0;--container-widget-align-self:initial;--flex-wrap-mobile:wrap;}.elementor-237 .elementor-element.elementor-element-466f3f5{text-align:center;}.elementor-237 .elementor-element.elementor-element-466f3f5 img{width:70%;}.elementor-237 .elementor-element.elementor-element-ff0e43a{--display:flex;--flex-direction:column;--container-widget-width:100%;--container-widget-height:initial;--container-widget-flex-grow:0;--container-widget-align-self:initial;--flex-wrap-mobile:wrap;}.elementor-237 .elementor-element.elementor-element-ff0e43a.e-con{--flex-grow:0;--flex-shrink:0;}.elementor-237 .elementor-element.elementor-element-823b047{text-align:justify;}@media(min-width:768px){.elementor-237 .elementor-element.elementor-element-ff0e43a{--width:60%;}}<\/style>\t\t<div data-elementor-type=\"wp-page\" data-elementor-id=\"237\" class=\"elementor elementor-237\" data-elementor-post-type=\"page\">\n\t\t\t\t<div class=\"elementor-element elementor-element-45c817f e-flex e-con-boxed e-con e-parent\" data-id=\"45c817f\" data-element_type=\"container\" data-e-type=\"container\">\n\t\t\t\t\t<div class=\"e-con-inner\">\n\t\t\t\t<div class=\"elementor-element elementor-element-466f3f5 elementor-widget elementor-widget-image\" data-id=\"466f3f5\" data-element_type=\"widget\" data-e-type=\"widget\" data-widget_type=\"image.default\">\n\t\t\t\t\t\t\t\t\t\t\t\t\t\t\t<img fetchpriority=\"high\" decoding=\"async\" width=\"768\" height=\"576\" src=\"https:\/\/www.pyrmonterhundefreunde.de\/wordpress-neu\/wp-content\/uploads\/2026\/02\/IMG_20220327_135128.jpg\" class=\"attachment-medium_large size-medium_large wp-image-54\" alt=\"\" \/>\t\t\t\t\t\t\t\t\t\t\t\t\t\t\t<\/div>\n\t\t\t\t\t<\/div>\n\t\t\t\t<\/div>\n\t\t<div class=\"elementor-element elementor-element-ff0e43a e-con-full e-flex e-con e-parent\" data-id=\"ff0e43a\" data-element_type=\"container\" data-e-type=\"container\">\n\t\t\t\t<div class=\"elementor-element elementor-element-823b047 elementor-widget elementor-widget-text-editor\" data-id=\"823b047\" data-element_type=\"widget\" data-e-type=\"widget\" data-widget_type=\"text-editor.default\">\n\t\t\t\t\t\t\t\t\t<p><strong>Was ist Hundefitness?<\/strong><\/p><p><strong>Hundefitness ist Bewegungstraining f\u00fcr den Hund. Durch gezielte \u00dcbungen werden Balance, Koordination, Beweglichkeit, Kraft und Ausdauer trainiert.<\/strong><\/p><p><strong>Warum Hundefitness?<\/strong><\/p><p><strong>Es ist eine Auslastung f\u00fcr K\u00f6rper und Geist, f\u00fchrt zu besserer K\u00f6rperwahrnehmung und f\u00f6rdert das Selbstbewusstsein.<\/strong><\/p><p><strong>Das gemeinsame Erarbeiten der Aufgaben st\u00e4rkt die Bindung zwischen Hund und Halter\/in.<\/strong><\/p><p><strong>Man kann es zur Vorbereitung auf den Hundesport benutzen, gleichzeitig fungiert es als Verletzungsprophylaxe bei z. B. diversen Hundesportarten oder auch langen Strecken wandern und klettern.<\/strong><\/p><p><strong>Sporthunde k\u00f6nnen dadurch eine Leistungssteigerung bekommen.<\/strong><\/p><p><strong>Es wird allgemein die Gesundheit und Fitness gef\u00f6rdert.<\/strong><\/p><p><strong>Hundefitness f\u00fchrt zu besserer Beweglichkeit und auch Arthrosevorbeugung.<\/strong><\/p><p><strong>\u00c4ltere und auch eingeschr\u00e4nkte Hunde werden ihrer Handicaps entsprechend ausgelastet.<\/strong><\/p><p><strong>F\u00fcr wen ist Hundefitness geeignet?<\/strong><\/p><p><strong>Hundefitness ist f\u00fcr jeden Hund und jedes Alter geeignet. Von Welpen bis zum Senior. Das Training wird individuell angepasst.<\/strong><\/p><p><strong>Auch Handicap-Hunde k\u00f6nnen nach Absprache mit Physio und\/oder Tierarzt am Training teilnehmen und werden dementsprechend gef\u00f6rdert.<\/strong><\/p><p><strong>Das Training findet sonntags um 13.00 Uhr statt.<\/strong><\/p><p><strong>Anmeldung bitte bei Bettina Sheridan, Mobil: 0171 3459816<\/strong><\/p>\t\t\t\t\t\t\t\t<\/div>\n\t\t\t\t<\/div>\n\t\t\t\t<\/div>\n\t\t","protected":false},"excerpt":{"rendered":"<p>Was ist Hundefitness? Hundefitness ist Bewegungstraining f\u00fcr den Hund. Durch gezielte \u00dcbungen werden Balance, Koordination, Beweglichkeit, Kraft und Ausdauer trainiert. Warum Hundefitness? Es ist eine Auslastung f\u00fcr K\u00f6rper und Geist, f\u00fchrt zu besserer K\u00f6rperwahrnehmung und f\u00f6rdert das Selbstbewusstsein. Das gemeinsame Erarbeiten der Aufgaben st\u00e4rkt die Bindung zwischen Hund und Halter\/in. Man kann es zur Vorbereitung [&hellip;]<\/p>\n","protected":false},"author":1,"featured_media":0,"parent":0,"menu_order":0,"comment_status":"closed","ping_status":"closed","template":"","meta":{"_mc_calendar":[],"footnotes":""},"class_list":["post-237","page","type-page","status-publish","hentry"],"_links":{"self":[{"href":"https:\/\/www.pyrmonterhundefreunde.de\/wordpress-neu\/index.php\/wp-json\/wp\/v2\/pages\/237","targetHints":{"allow":["GET"]}}],"collection":[{"href":"https:\/\/www.pyrmonterhundefreunde.de\/wordpress-neu\/index.php\/wp-json\/wp\/v2\/pages"}],"about":[{"href":"https:\/\/www.pyrmonterhundefreunde.de\/wordpress-neu\/index.php\/wp-json\/wp\/v2\/types\/page"}],"author":[{"embeddable":true,"href":"https:\/\/www.pyrmonterhundefreunde.de\/wordpress-neu\/index.php\/wp-json\/wp\/v2\/users\/1"}],"replies":[{"embeddable":true,"href":"https:\/\/www.pyrmonterhundefreunde.de\/wordpress-neu\/index.php\/wp-json\/wp\/v2\/comments?post=237"}],"version-history":[{"count":19,"href":"https:\/\/www.pyrmonterhundefreunde.de\/wordpress-neu\/index.php\/wp-json\/wp\/v2\/pages\/237\/revisions"}],"predecessor-version":[{"id":1535,"href":"https:\/\/www.pyrmonterhundefreunde.de\/wordpress-neu\/index.php\/wp-json\/wp\/v2\/pages\/237\/revisions\/1535"}],"wp:attachment":[{"href":"https:\/\/www.pyrmonterhundefreunde.de\/wordpress-neu\/index.php\/wp-json\/wp\/v2\/media?parent=237"}],"curies":[{"name":"wp","href":"https:\/\/api.w.org\/{rel}","templated":true}]}}