{"id":243,"date":"2026-02-12T09:08:22","date_gmt":"2026-02-12T08:08:22","guid":{"rendered":"https:\/\/kh-10405.jupiter.web.de-serv.de\/wordpress-neu\/?page_id=243"},"modified":"2026-02-22T10:24:16","modified_gmt":"2026-02-22T09:24:16","slug":"dogdance","status":"publish","type":"page","link":"https:\/\/www.pyrmonterhundefreunde.de\/wordpress-neu\/index.php\/dogdance\/","title":{"rendered":"Dogdance"},"content":{"rendered":"<style>.elementor-243 .elementor-element.elementor-element-f6066c6{--display:flex;}<\/style>\t\t<div data-elementor-type=\"wp-page\" data-elementor-id=\"243\" class=\"elementor elementor-243\" data-elementor-post-type=\"page\">\n\t\t\t\t<div class=\"elementor-element elementor-element-f6066c6 e-flex e-con-boxed e-con e-parent\" data-id=\"f6066c6\" data-element_type=\"container\" data-e-type=\"container\">\n\t\t\t\t\t<div class=\"e-con-inner\">\n\t\t\t\t<div class=\"elementor-element elementor-element-a131332 elementor-widget elementor-widget-text-editor\" data-id=\"a131332\" data-element_type=\"widget\" data-e-type=\"widget\" data-widget_type=\"text-editor.default\">\n\t\t\t\t\t\t\t\t\t<div class=\"diywebContainer diyfeCA diyfeCA2\"><div class=\"diywebContent diyfeCA diyfeCA1\"><div class=\"diywebLiveArea\"><div class=\"diywebMain\"><div class=\"diywebGutter\"><div id=\"content_area\"><div id=\"matrix_1028077190\" class=\"sortable-matrix\" data-matrixid=\"1028077190\"><div class=\"n module-type-imageSubtitle diyfeLiveArea \"><div id=\"imageSubtitle-5826122215\" class=\"clearover imageSubtitle\"><p><img fetchpriority=\"high\" decoding=\"async\" class=\"alignleft wp-image-59\" src=\"https:\/\/www.pyrmonterhundefreunde.de\/wordpress-neu\/wp-content\/uploads\/2026\/02\/IMG-20240615-WA0006.jpg\" alt=\"\" width=\"263\" height=\"350\" \/><\/p><div class=\"align-container align-center\">\u00a0<\/div><\/div><\/div><div class=\"n module-type-header diyfeLiveArea \"><p><strong>Es hat seinen Ursprung im Obedience und wurde in den USA erfunden. Das Hund-Mensch-Team macht gemeinsame Bewegungen zur Musik. Diese Choreografie setzt sich aus vielen verschiedenen \u00dcbungen, wie z. B. R\u00fcckw\u00e4rtsgehen, Drehungen, durch die Beine laufen und diversen Tricks zusammen. Durch das Training werden K\u00f6rper und Geist des Hundes gef\u00f6rdert und das Erarbeiten der einzelnen \u00dcbungen l\u00e4sst Hund und Halter\/in noch enger zusammen wachsen. Der Hund wir viel aufmerksamer und achtet mehr auf sein Frauchen\/Herrchen.<\/strong><\/p><p><strong>In meinem Kurs erarbeiten wir gemeinsam unterschiedliche \u00dcbungen und Tricks, bis hin zu eurer eigenen Choreografie.<\/strong><\/p><p><strong>Alles mit Spa\u00df und Freude, ohne Druck und mit viel positiver Best\u00e4rkung.<\/strong><\/p><p><strong>Das Training findet samstags um 14.00 Uhr statt.<\/strong><\/p><p><strong>Anmeldung bitte bei Bettina Sheridan, Mobil:\u00a00171 3459816<\/strong><\/p><\/div><\/div><\/div><\/div><\/div><\/div><\/div><\/div>\t\t\t\t\t\t\t\t<\/div>\n\t\t\t\t\t<\/div>\n\t\t\t\t<\/div>\n\t\t\t\t<\/div>\n\t\t","protected":false},"excerpt":{"rendered":"<p>\u00a0 Es hat seinen Ursprung im Obedience und wurde in den USA erfunden. Das Hund-Mensch-Team macht gemeinsame Bewegungen zur Musik. Diese Choreografie setzt sich aus vielen verschiedenen \u00dcbungen, wie z. B. R\u00fcckw\u00e4rtsgehen, Drehungen, durch die Beine laufen und diversen Tricks zusammen. Durch das Training werden K\u00f6rper und Geist des Hundes gef\u00f6rdert und das Erarbeiten der [&hellip;]<\/p>\n","protected":false},"author":1,"featured_media":0,"parent":0,"menu_order":0,"comment_status":"closed","ping_status":"closed","template":"","meta":{"_mc_calendar":[],"footnotes":""},"class_list":["post-243","page","type-page","status-publish","hentry"],"_links":{"self":[{"href":"https:\/\/www.pyrmonterhundefreunde.de\/wordpress-neu\/index.php\/wp-json\/wp\/v2\/pages\/243","targetHints":{"allow":["GET"]}}],"collection":[{"href":"https:\/\/www.pyrmonterhundefreunde.de\/wordpress-neu\/index.php\/wp-json\/wp\/v2\/pages"}],"about":[{"href":"https:\/\/www.pyrmonterhundefreunde.de\/wordpress-neu\/index.php\/wp-json\/wp\/v2\/types\/page"}],"author":[{"embeddable":true,"href":"https:\/\/www.pyrmonterhundefreunde.de\/wordpress-neu\/index.php\/wp-json\/wp\/v2\/users\/1"}],"replies":[{"embeddable":true,"href":"https:\/\/www.pyrmonterhundefreunde.de\/wordpress-neu\/index.php\/wp-json\/wp\/v2\/comments?post=243"}],"version-history":[{"count":23,"href":"https:\/\/www.pyrmonterhundefreunde.de\/wordpress-neu\/index.php\/wp-json\/wp\/v2\/pages\/243\/revisions"}],"predecessor-version":[{"id":1496,"href":"https:\/\/www.pyrmonterhundefreunde.de\/wordpress-neu\/index.php\/wp-json\/wp\/v2\/pages\/243\/revisions\/1496"}],"wp:attachment":[{"href":"https:\/\/www.pyrmonterhundefreunde.de\/wordpress-neu\/index.php\/wp-json\/wp\/v2\/media?parent=243"}],"curies":[{"name":"wp","href":"https:\/\/api.w.org\/{rel}","templated":true}]}}