{"id":255,"date":"2026-02-12T09:09:27","date_gmt":"2026-02-12T08:09:27","guid":{"rendered":"https:\/\/kh-10405.jupiter.web.de-serv.de\/wordpress-neu\/?page_id=255"},"modified":"2026-02-17T13:12:33","modified_gmt":"2026-02-17T12:12:33","slug":"tiergestuetzte-intervention","status":"publish","type":"page","link":"https:\/\/www.pyrmonterhundefreunde.de\/wordpress-neu\/index.php\/tiergestuetzte-intervention\/","title":{"rendered":"Tiergest\u00fctzte Intervention"},"content":{"rendered":"<style>.elementor-255 .elementor-element.elementor-element-e7b98cb{--display:flex;}<\/style>\t\t<div data-elementor-type=\"wp-page\" data-elementor-id=\"255\" class=\"elementor elementor-255\" data-elementor-post-type=\"page\">\n\t\t\t\t<div class=\"elementor-element elementor-element-e7b98cb e-flex e-con-boxed e-con e-parent\" data-id=\"e7b98cb\" data-element_type=\"container\" data-e-type=\"container\">\n\t\t\t\t\t<div class=\"e-con-inner\">\n\t\t\t\t<div class=\"elementor-element elementor-element-ebe8e55 elementor-widget elementor-widget-text-editor\" data-id=\"ebe8e55\" data-element_type=\"widget\" data-e-type=\"widget\" data-widget_type=\"text-editor.default\">\n\t\t\t\t\t\t\t\t\t<p dir=\"ltr\"><strong>Was ist das?<\/strong><\/p><p dir=\"ltr\"><strong>Die TgI ist die Einbindung von Tieren bei der sozialen, p\u00e4dagogischen und therapeutischen Arbeit mit Menschen.<\/strong><\/p><p dir=\"ltr\"><strong>Beim Unterbereich Tiergest\u00fctzte Aktivit\u00e4t k\u00f6nnen sowohl Fachkr\u00e4fte als auch berufliche Laien mit ihren entsprechend qualifizierten Tieren allgemein Abwechslung, Freude und Zuwendung f\u00fcr Menschen in besonderen bzw. belastenden Situationen bringen. Es sollten aber auch hier die einsatzf\u00fchrenden Personen \u00fcber Fachwissen verf\u00fcgen, sowohl im h\u00fcndischen Bereich als auch in Bezug auf Menschen und deren Einschr\u00e4nkungen bzw. Erkrankungen, um Probleme und Gefahren fr\u00fchzeitig zu erkennen, vermeiden und ggf. zu managen.<\/strong><\/p><div class=\"n module-type-imageSubtitle diyfeLiveArea \"><div id=\"imageSubtitle-5826094331\" class=\"clearover imageSubtitle\"><div class=\"align-container align-center\"><a class=\"imagewrapper\" href=\"https:\/\/www.pyrmonterhundefreunde.de\/s\/cc_images\/teaserbox_2496629931.png?t=1719581279\" rel=\"lightbox[5826094331]\"><img decoding=\"async\" id=\"image_2496629931\" class=\"alignleft\" src=\"https:\/\/www.pyrmonterhundefreunde.de\/s\/cc_images\/cache_2496629931.png?t=1719581279\" alt=\"\" \/><\/a><\/div><\/div><\/div><div class=\"n module-type-text diyfeLiveArea \"><p dir=\"ltr\"><strong>Bei den Unterbereichen Tiergest\u00fctzte P\u00e4dagogik und Tiergest\u00fctzte Therapie werden die Tiere explizit durch Fachkr\u00e4fte in den entsprechenden Berufsfeldern eingesetzt. Dies geschieht planm\u00e4\u00dfig, mit einer beschriebenen Zielsetzung, dient z.B. zur F\u00f6rderung von sozialer Kompetenz, Mobilit\u00e4t, Koordination, Konzentration, kognitiven F\u00e4higkeiten uvm.<\/strong><\/p><p dir=\"ltr\"><strong>Was wird von uns geboten?<\/strong><\/p><p dir=\"ltr\"><strong>Unsere qualifizierten Teams bieten tiergest\u00fctzte Interventionen mit Hunden an. Dieses Angebot richtet sich an Institutionen\/Einrichtungen (z.B. Pflegeeinrichtungen, Reha-Kliniken, Schulen\/Kitas) sowie Privatpersonen. Zus\u00e4tzlich finden tiergest\u00fctzte Projekte auf dem Hundeplatz statt, die sich insbesondere an Kinder richten; auf Wunsch k\u00f6nnen \u2013 nach Absprache &#8211; solch station\u00e4re Projekte auch mit Erwachsenen durchgef\u00fchrt werden.<\/strong><\/p><p dir=\"ltr\"><strong>Wer f\u00fchrt die Settings durch?<\/strong><\/p><p dir=\"ltr\"><strong>Unsere Teams aus Fachkr\u00e4ften diverser Berufsfelder haben den 15-monatigen Lehrgang \u201eWeiterbildung zum TPA-Team\u201c (TPA = Therapie-\/P\u00e4dagogik-Assistenzhund) am Fortbildungsinstitut der Pyrmonter m&amp;i-Fachklinik absolviert und mit einer anspruchsvollen, mehrteiligen Pr\u00fcfung in Theorie und Praxis (Einzel- und Gruppensettings bei Kindern und Erwachsenen) erfolgreich abgeschlossen. Die Hunde (div. Rassen und Mischlinge, klein, mittel, gro\u00df) sind schon im tiergest\u00fctzten Einsatz aktiv und entsprechend erfahren.<\/strong><\/p><p dir=\"ltr\"><strong>Wir achten besonders auf tierschutzgerechten Einsatz, zum Wohle der Hunde, aber auch der Menschen!<\/strong><\/p><p dir=\"ltr\"><strong>Ansprechpartnerin:<\/strong><\/p><p dir=\"ltr\"><strong>Evelyn Buchholz-Dassen, interdisziplin\u00e4re Wahrnehmungs- und Verhaltenstrainerin, setzt seit 30 Jahren ihre Hunde bei ihrer T\u00e4tigkeit mit Kindern und Erwachsenen ein;<\/strong><\/p><p><strong>Tel.: 0175 \u2013 4693580; E-Mail:\u00a0 therapiehunderudel@web.de<\/strong><\/p><\/div>\t\t\t\t\t\t\t\t<\/div>\n\t\t\t\t\t<\/div>\n\t\t\t\t<\/div>\n\t\t\t\t<\/div>\n\t\t","protected":false},"excerpt":{"rendered":"<p>Was ist das? Die TgI ist die Einbindung von Tieren bei der sozialen, p\u00e4dagogischen und therapeutischen Arbeit mit Menschen. Beim Unterbereich Tiergest\u00fctzte Aktivit\u00e4t k\u00f6nnen sowohl Fachkr\u00e4fte als auch berufliche Laien mit ihren entsprechend qualifizierten Tieren allgemein Abwechslung, Freude und Zuwendung f\u00fcr Menschen in besonderen bzw. belastenden Situationen bringen. Es sollten aber auch hier die einsatzf\u00fchrenden [&hellip;]<\/p>\n","protected":false},"author":1,"featured_media":0,"parent":0,"menu_order":0,"comment_status":"closed","ping_status":"closed","template":"","meta":{"_mc_calendar":[],"footnotes":""},"class_list":["post-255","page","type-page","status-publish","hentry"],"_links":{"self":[{"href":"https:\/\/www.pyrmonterhundefreunde.de\/wordpress-neu\/index.php\/wp-json\/wp\/v2\/pages\/255","targetHints":{"allow":["GET"]}}],"collection":[{"href":"https:\/\/www.pyrmonterhundefreunde.de\/wordpress-neu\/index.php\/wp-json\/wp\/v2\/pages"}],"about":[{"href":"https:\/\/www.pyrmonterhundefreunde.de\/wordpress-neu\/index.php\/wp-json\/wp\/v2\/types\/page"}],"author":[{"embeddable":true,"href":"https:\/\/www.pyrmonterhundefreunde.de\/wordpress-neu\/index.php\/wp-json\/wp\/v2\/users\/1"}],"replies":[{"embeddable":true,"href":"https:\/\/www.pyrmonterhundefreunde.de\/wordpress-neu\/index.php\/wp-json\/wp\/v2\/comments?post=255"}],"version-history":[{"count":10,"href":"https:\/\/www.pyrmonterhundefreunde.de\/wordpress-neu\/index.php\/wp-json\/wp\/v2\/pages\/255\/revisions"}],"predecessor-version":[{"id":800,"href":"https:\/\/www.pyrmonterhundefreunde.de\/wordpress-neu\/index.php\/wp-json\/wp\/v2\/pages\/255\/revisions\/800"}],"wp:attachment":[{"href":"https:\/\/www.pyrmonterhundefreunde.de\/wordpress-neu\/index.php\/wp-json\/wp\/v2\/media?parent=255"}],"curies":[{"name":"wp","href":"https:\/\/api.w.org\/{rel}","templated":true}]}}