{"id":261,"date":"2026-02-12T09:10:04","date_gmt":"2026-02-12T08:10:04","guid":{"rendered":"https:\/\/kh-10405.jupiter.web.de-serv.de\/wordpress-neu\/?page_id=261"},"modified":"2026-02-17T13:12:53","modified_gmt":"2026-02-17T12:12:53","slug":"trainingsspiele","status":"publish","type":"page","link":"https:\/\/www.pyrmonterhundefreunde.de\/wordpress-neu\/index.php\/trainingsspiele\/","title":{"rendered":"Trainingsspiele"},"content":{"rendered":"<style>.elementor-261 .elementor-element.elementor-element-f9414b8{--display:flex;}<\/style>\t\t<div data-elementor-type=\"wp-page\" data-elementor-id=\"261\" class=\"elementor elementor-261\" data-elementor-post-type=\"page\">\n\t\t\t\t<div class=\"elementor-element elementor-element-f9414b8 e-flex e-con-boxed e-con e-parent\" data-id=\"f9414b8\" data-element_type=\"container\" data-e-type=\"container\">\n\t\t\t\t\t<div class=\"e-con-inner\">\n\t\t\t\t<div class=\"elementor-element elementor-element-9139ec2 elementor-widget elementor-widget-text-editor\" data-id=\"9139ec2\" data-element_type=\"widget\" data-e-type=\"widget\" data-widget_type=\"text-editor.default\">\n\t\t\t\t\t\t\t\t\t<p><strong>Die Trainingsspiele sind f\u00fcr Hunde gedacht, die \u00fcber eine Basisausbildung verf\u00fcgen. Es gibt Wiederholungen der \u00fcblichen Trainingsanforderungen, allerdings in einem v\u00f6llig anderen Zusammenhang. Da muss z. B. der Mensch mit seinem Hund einen gef\u00fcllten Wasserbecher von A nach B transportieren, ohne etwas zu versch\u00fctten und dabei noch andere Aufgaben bew\u00e4ltigen. Es ist f\u00fcr alle eine lustige Besch\u00e4ftigung, bei der viel gelacht wird.<\/strong><\/p><p><strong>Infos bei Evelyn Buchholz-Dassen, Mobil:<\/strong>\u00a0<strong>0175 4693580<\/strong><\/p>\t\t\t\t\t\t\t\t<\/div>\n\t\t\t\t\t<\/div>\n\t\t\t\t<\/div>\n\t\t\t\t<\/div>\n\t\t","protected":false},"excerpt":{"rendered":"<p>Die Trainingsspiele sind f\u00fcr Hunde gedacht, die \u00fcber eine Basisausbildung verf\u00fcgen. Es gibt Wiederholungen der \u00fcblichen Trainingsanforderungen, allerdings in einem v\u00f6llig anderen Zusammenhang. Da muss z. B. der Mensch mit seinem Hund einen gef\u00fcllten Wasserbecher von A nach B transportieren, ohne etwas zu versch\u00fctten und dabei noch andere Aufgaben bew\u00e4ltigen. Es ist f\u00fcr alle eine [&hellip;]<\/p>\n","protected":false},"author":1,"featured_media":0,"parent":0,"menu_order":0,"comment_status":"closed","ping_status":"closed","template":"","meta":{"_mc_calendar":[],"footnotes":""},"class_list":["post-261","page","type-page","status-publish","hentry"],"_links":{"self":[{"href":"https:\/\/www.pyrmonterhundefreunde.de\/wordpress-neu\/index.php\/wp-json\/wp\/v2\/pages\/261","targetHints":{"allow":["GET"]}}],"collection":[{"href":"https:\/\/www.pyrmonterhundefreunde.de\/wordpress-neu\/index.php\/wp-json\/wp\/v2\/pages"}],"about":[{"href":"https:\/\/www.pyrmonterhundefreunde.de\/wordpress-neu\/index.php\/wp-json\/wp\/v2\/types\/page"}],"author":[{"embeddable":true,"href":"https:\/\/www.pyrmonterhundefreunde.de\/wordpress-neu\/index.php\/wp-json\/wp\/v2\/users\/1"}],"replies":[{"embeddable":true,"href":"https:\/\/www.pyrmonterhundefreunde.de\/wordpress-neu\/index.php\/wp-json\/wp\/v2\/comments?post=261"}],"version-history":[{"count":10,"href":"https:\/\/www.pyrmonterhundefreunde.de\/wordpress-neu\/index.php\/wp-json\/wp\/v2\/pages\/261\/revisions"}],"predecessor-version":[{"id":803,"href":"https:\/\/www.pyrmonterhundefreunde.de\/wordpress-neu\/index.php\/wp-json\/wp\/v2\/pages\/261\/revisions\/803"}],"wp:attachment":[{"href":"https:\/\/www.pyrmonterhundefreunde.de\/wordpress-neu\/index.php\/wp-json\/wp\/v2\/media?parent=261"}],"curies":[{"name":"wp","href":"https:\/\/api.w.org\/{rel}","templated":true}]}}