{"id":267,"date":"2026-02-12T09:10:37","date_gmt":"2026-02-12T08:10:37","guid":{"rendered":"https:\/\/kh-10405.jupiter.web.de-serv.de\/wordpress-neu\/?page_id=267"},"modified":"2026-02-25T10:20:20","modified_gmt":"2026-02-25T09:20:20","slug":"hier-sind-wir","status":"publish","type":"page","link":"https:\/\/www.pyrmonterhundefreunde.de\/wordpress-neu\/index.php\/hier-sind-wir\/","title":{"rendered":"Hier sind wir zu finden"},"content":{"rendered":"\t\t<div data-elementor-type=\"wp-page\" data-elementor-id=\"267\" class=\"elementor elementor-267\" data-elementor-post-type=\"page\">\n\t\t\t\t<div class=\"elementor-element elementor-element-6e50cf0 e-flex e-con-boxed e-con e-parent\" data-id=\"6e50cf0\" data-element_type=\"container\" data-e-type=\"container\">\n\t\t\t\t\t<div class=\"e-con-inner\">\n\t\t\t\t<div class=\"elementor-element elementor-element-ff346d7 elementor-widget__width-initial elementor-widget elementor-widget-text-editor\" data-id=\"ff346d7\" data-element_type=\"widget\" data-e-type=\"widget\" data-widget_type=\"text-editor.default\">\n\t\t\t\t\t\t\t\t\t<div class=\"n module-type-text diyfeLiveArea \"><p><strong>Die Adresse der Pyrmonter Hundefreunde e.V. lautet:<\/strong><\/p><p><strong>Vogelreichsweg 80i<\/strong><br \/><strong>31812 Bad Pyrmont<\/strong><\/p><p><strong>Der Vereinsplatz befindet sich oberhalb der DAK Klinik und der Schreberg\u00e4rten, direkt am Waldrand gelegen und l\u00e4sst sich in drei unterschiedlich gro\u00dfe Pl\u00e4tze unterteilen. Der Verein verf\u00fcgt \u00fcber ein sch\u00f6nes Vereinsheim.<\/strong><\/p><p><strong>Zu erreichen sind wir mit dem Auto. Gen\u00fcgend Parkpl\u00e4tze befinden sich direkt am Vereinsgel\u00e4nde. Auch mit dem Stadtbus Linie 63 ist es kein Problem. Die Haltestelle lautet DAK Kurklinik.<\/strong><\/p><p><br \/><strong>Postanschrift:<\/strong><\/p><p><strong>Bettina Sheridan<\/strong><br \/><strong>1. Vorsitzende<\/strong><br \/><strong>Waldstr. 42<\/strong><br \/><strong>32676 L\u00fcgde<\/strong><\/p><p><strong>E-Mail: pyrmonterhundefreunde@gmail.com<\/strong><\/p><p><br \/><strong>Bankverbindung Pyrmonter Hundefreunde e.V.<\/strong><br \/><strong>IBAN: DE26 2545 1345 0000 4301 81<\/strong><br \/><strong>Das Copyright f\u00fcr Bilder und Videos liegt beim Autor, eine Vervielf\u00e4ltigung und Verwendung ist nur mit Zustimmung erlaubt<\/strong><\/p><\/div>\t\t\t\t\t\t\t\t<\/div>\n\t\t\t\t\t<\/div>\n\t\t\t\t<\/div>\n\t\t<div class=\"elementor-element elementor-element-0da089e e-con-full e-flex e-con e-parent\" data-id=\"0da089e\" data-element_type=\"container\" data-e-type=\"container\">\n\t\t\t\t<div class=\"elementor-element elementor-element-1d2b0f0 elementor-widget__width-initial elementor-widget elementor-widget-google_maps\" data-id=\"1d2b0f0\" data-element_type=\"widget\" data-e-type=\"widget\" data-widget_type=\"google_maps.default\">\n\t\t\t\t\t\t\t<div class=\"elementor-custom-embed\">\n\t\t\t<iframe loading=\"lazy\"\n\t\t\t\t\tsrc=\"https:\/\/maps.google.com\/maps?q=Vogelreichsweg%2080i%2031812%20Bad%20Pyrmont&#038;t=m&#038;z=13&#038;output=embed&#038;iwloc=near\"\n\t\t\t\t\ttitle=\"Vogelreichsweg 80i 31812 Bad Pyrmont\"\n\t\t\t\t\taria-label=\"Vogelreichsweg 80i 31812 Bad Pyrmont\"\n\t\t\t><\/iframe>\n\t\t<\/div>\n\t\t\t\t\t\t<\/div>\n\t\t\t\t<\/div>\n\t\t\t\t<\/div>\n\t\t","protected":false},"excerpt":{"rendered":"<p>Die Adresse der Pyrmonter Hundefreunde e.V. lautet: Vogelreichsweg 80i31812 Bad Pyrmont Der Vereinsplatz befindet sich oberhalb der DAK Klinik und der Schreberg\u00e4rten, direkt am Waldrand gelegen und l\u00e4sst sich in drei unterschiedlich gro\u00dfe Pl\u00e4tze unterteilen. Der Verein verf\u00fcgt \u00fcber ein sch\u00f6nes Vereinsheim. Zu erreichen sind wir mit dem Auto. Gen\u00fcgend Parkpl\u00e4tze befinden sich direkt am [&hellip;]<\/p>\n","protected":false},"author":1,"featured_media":0,"parent":0,"menu_order":0,"comment_status":"closed","ping_status":"closed","template":"","meta":{"_mc_calendar":[],"footnotes":""},"class_list":["post-267","page","type-page","status-publish","hentry"],"_links":{"self":[{"href":"https:\/\/www.pyrmonterhundefreunde.de\/wordpress-neu\/index.php\/wp-json\/wp\/v2\/pages\/267","targetHints":{"allow":["GET"]}}],"collection":[{"href":"https:\/\/www.pyrmonterhundefreunde.de\/wordpress-neu\/index.php\/wp-json\/wp\/v2\/pages"}],"about":[{"href":"https:\/\/www.pyrmonterhundefreunde.de\/wordpress-neu\/index.php\/wp-json\/wp\/v2\/types\/page"}],"author":[{"embeddable":true,"href":"https:\/\/www.pyrmonterhundefreunde.de\/wordpress-neu\/index.php\/wp-json\/wp\/v2\/users\/1"}],"replies":[{"embeddable":true,"href":"https:\/\/www.pyrmonterhundefreunde.de\/wordpress-neu\/index.php\/wp-json\/wp\/v2\/comments?post=267"}],"version-history":[{"count":21,"href":"https:\/\/www.pyrmonterhundefreunde.de\/wordpress-neu\/index.php\/wp-json\/wp\/v2\/pages\/267\/revisions"}],"predecessor-version":[{"id":1528,"href":"https:\/\/www.pyrmonterhundefreunde.de\/wordpress-neu\/index.php\/wp-json\/wp\/v2\/pages\/267\/revisions\/1528"}],"wp:attachment":[{"href":"https:\/\/www.pyrmonterhundefreunde.de\/wordpress-neu\/index.php\/wp-json\/wp\/v2\/media?parent=267"}],"curies":[{"name":"wp","href":"https:\/\/api.w.org\/{rel}","templated":true}]}}