{"id":353,"date":"2026-02-12T12:56:08","date_gmt":"2026-02-12T11:56:08","guid":{"rendered":"https:\/\/kh-10405.jupiter.web.de-serv.de\/wordpress-neu\/?page_id=353"},"modified":"2026-02-17T12:47:46","modified_gmt":"2026-02-17T11:47:46","slug":"unsere-trainerin-evelyn-buchholz-dassen","status":"publish","type":"page","link":"https:\/\/www.pyrmonterhundefreunde.de\/wordpress-neu\/index.php\/unsere-trainerin-evelyn-buchholz-dassen\/","title":{"rendered":"Unsere Trainerin Evelyn Buchholz-Dassen"},"content":{"rendered":"<style>.elementor-353 .elementor-element.elementor-element-42e1063{--display:flex;--flex-direction:row;--container-widget-width:initial;--container-widget-height:100%;--container-widget-flex-grow:1;--container-widget-align-self:stretch;--flex-wrap-mobile:wrap;--gap:0px 0px;--row-gap:0px;--column-gap:0px;}.elementor-353 .elementor-element.elementor-element-9a2781b{--display:flex;--flex-direction:column;--container-widget-width:100%;--container-widget-height:initial;--container-widget-flex-grow:0;--container-widget-align-self:initial;--flex-wrap-mobile:wrap;--justify-content:center;}.elementor-353 .elementor-element.elementor-element-9a2781b.e-con{--flex-grow:0;--flex-shrink:0;}.elementor-353 .elementor-element.elementor-element-8eee033{text-align:start;width:var( --container-widget-width, 103.119% );max-width:103.119%;--container-widget-width:103.119%;--container-widget-flex-grow:0;}.elementor-353 .elementor-element.elementor-element-8eee033 img{width:258px;}.elementor-353 .elementor-element.elementor-element-8eee033.elementor-element{--align-self:flex-start;--flex-grow:0;--flex-shrink:0;}.elementor-353 .elementor-element.elementor-element-74c8427{width:var( --container-widget-width, 111.38% );max-width:111.38%;--container-widget-width:111.38%;--container-widget-flex-grow:0;}.elementor-353 .elementor-element.elementor-element-74c8427.elementor-element{--flex-grow:0;--flex-shrink:0;}.elementor-353 .elementor-element.elementor-element-ac36b27{--display:flex;--flex-direction:column;--container-widget-width:100%;--container-widget-height:initial;--container-widget-flex-grow:0;--container-widget-align-self:initial;--flex-wrap-mobile:wrap;}.elementor-353 .elementor-element.elementor-element-662a072{text-align:justify;width:var( --container-widget-width, 93.758% );max-width:93.758%;--container-widget-width:93.758%;--container-widget-flex-grow:0;}.elementor-353 .elementor-element.elementor-element-662a072.elementor-element{--flex-grow:0;--flex-shrink:0;}@media(min-width:768px){.elementor-353 .elementor-element.elementor-element-9a2781b{--width:20.483%;}.elementor-353 .elementor-element.elementor-element-ac36b27{--width:66.6666%;}}<\/style>\t\t<div data-elementor-type=\"wp-page\" data-elementor-id=\"353\" class=\"elementor elementor-353\" data-elementor-post-type=\"page\">\n\t\t\t\t<div class=\"elementor-element elementor-element-42e1063 e-flex e-con-boxed e-con e-parent\" data-id=\"42e1063\" data-element_type=\"container\" data-e-type=\"container\">\n\t\t\t\t\t<div class=\"e-con-inner\">\n\t\t<div class=\"elementor-element elementor-element-9a2781b e-con-full e-flex e-con e-child\" data-id=\"9a2781b\" data-element_type=\"container\" data-e-type=\"container\">\n\t\t\t\t<div class=\"elementor-element elementor-element-8eee033 elementor-widget__width-initial elementor-widget elementor-widget-image\" data-id=\"8eee033\" data-element_type=\"widget\" data-e-type=\"widget\" data-widget_type=\"image.default\">\n\t\t\t\t\t\t\t\t\t\t\t\t\t\t\t<img fetchpriority=\"high\" decoding=\"async\" width=\"576\" height=\"1024\" src=\"https:\/\/www.pyrmonterhundefreunde.de\/wordpress-neu\/wp-content\/uploads\/2026\/02\/teaserbox_2487599594.jpg\" class=\"attachment-large size-large wp-image-65\" alt=\"\" \/>\t\t\t\t\t\t\t\t\t\t\t\t\t\t\t<\/div>\n\t\t\t\t<div class=\"elementor-element elementor-element-74c8427 elementor-widget__width-initial elementor-widget elementor-widget-image\" data-id=\"74c8427\" data-element_type=\"widget\" data-e-type=\"widget\" data-widget_type=\"image.default\">\n\t\t\t\t\t\t\t\t\t\t\t\t\t\t\t<img decoding=\"async\" width=\"800\" height=\"669\" src=\"https:\/\/www.pyrmonterhundefreunde.de\/wordpress-neu\/wp-content\/uploads\/2026\/02\/teaserbox_2492520212-1.jpg\" class=\"attachment-large size-large wp-image-761\" alt=\"\" srcset=\"https:\/\/www.pyrmonterhundefreunde.de\/wordpress-neu\/wp-content\/uploads\/2026\/02\/teaserbox_2492520212-1.jpg 900w, https:\/\/www.pyrmonterhundefreunde.de\/wordpress-neu\/wp-content\/uploads\/2026\/02\/teaserbox_2492520212-1-300x251.jpg 300w, https:\/\/www.pyrmonterhundefreunde.de\/wordpress-neu\/wp-content\/uploads\/2026\/02\/teaserbox_2492520212-1-768x643.jpg 768w\" sizes=\"(max-width: 800px) 100vw, 800px\" \/>\t\t\t\t\t\t\t\t\t\t\t\t\t\t\t<\/div>\n\t\t\t\t<\/div>\n\t\t<div class=\"elementor-element elementor-element-ac36b27 e-con-full e-flex e-con e-child\" data-id=\"ac36b27\" data-element_type=\"container\" data-e-type=\"container\">\n\t\t\t\t<div class=\"elementor-element elementor-element-662a072 elementor-widget__width-initial elementor-widget elementor-widget-text-editor\" data-id=\"662a072\" data-element_type=\"widget\" data-e-type=\"widget\" data-widget_type=\"text-editor.default\">\n\t\t\t\t\t\t\t\t\t<div class=\"n module-type-textWithImage diyfeLiveArea \"><div id=\"textWithImage-5824582760\" class=\"clearover \"><h6 class=\"textwrapper\">&#8222;Verstehe deinen Hund, damit ihr ein gutes Team werden k\u00f6nnt&#8220;<\/h6><p><strong>Dieser Satz beschreibt meine Ansicht \u00fcber Erziehung, Training und Ausbildung eines Hundes.<\/strong><\/p><p><strong>Urspr\u00fcnglich wollte ich nur meine eigenen Hunde ausbilden, um sie entsprechend bei meiner Arbeit mit Menschen jeglichen Alters einsetzen zu k\u00f6nnen. Damals (vor etwa 30 Jahren) gab es weder eine Ausbildungsst\u00e4tte daf\u00fcr, noch Training f\u00fcr Familienhunde, das auf Belohnungen basiert. So wurde ich zus\u00e4tzlich Trainerin f\u00fcr Familienhundeteams, um Menschen und ihre Hunde auf positive Art zu unterst\u00fctzen. Nat\u00fcrlich musste ich noch viel lernen, mehr als \u00fcblich, ob Trainingswege Verhaltensbiologie oder Hundepsychologie uvm. Dazu habe ich mir nicht nur eine umfangreiche &#8222;Hundebibliothek&#8220; mit wissenschaftlichen Werken und Trainingsbeschreibungen zu verschiedenen Themen aufgebaut, sondern ich besuchte Seminare quer durch Deutschland und Trainingsphilosophien. Schnell habe ich erkannt, dass Trainer\/innen, auch die bekanntesten, alle nur mit Wasser kochen wie jeder andere Hunde haltende Mensch auch &#8211; und, dass tats\u00e4chlich unsere Hunde die besten Lehrmeister sind! <\/strong><\/p><p><strong>Mir ist es wichtig, dass wir unsere Hunde verstehen, dazu ihre Sicht der Menschenwelt wahrnehmen und wir uns ihnen verst\u00e4ndlich machen, sodass sie nicht im Nebel herumstochern m\u00fcssen. Dann k\u00f6nnen sie nicht nur leichter lernen, sondern sich von uns auch leiten lassen, anstatt selbst Verantwortung zu \u00fcbernehmen und damit so \u00fcberfordert zu sein, dass sie ungew\u00fcnschtes Verhalten zeigen bzw. was wir als solches bewerten. So vermittle ich in meinem Training auch viel Hintergrundwissen, z. B. zum\u00a0 &#8222;Warum&#8220;.\u00a0 \u00a0 \u00a0 \u00a0 \u00a0 \u00a0 \u00a0 \u00a0 \u00a0<\/strong><\/p><\/div><\/div><div class=\"n module-type-textWithImage diyfeLiveArea \"><div id=\"textWithImage-5824591721\" class=\"clearover \"><div class=\"textwrapper\"><p><strong>Seit einigen Jahren bin ich freie Dozentin, insbesondere zum Thema Tiergest\u00fczte Intervention, und leite dazu u. a. ein Dozententeam von Fachleuten aus diversen sozialen, p\u00e4dagogischen und therapeutischen Berufen am Fortbildungsinstitut einer Pyrmonter Fachklinik<\/strong><\/p><p><strong>In unserem Verein bin ich Trainingswartin und biete diverse Kurse, Workshops und Vortr\u00e4ge ab Welpenalter an.<\/strong><\/p><\/div><\/div><\/div>\t\t\t\t\t\t\t\t<\/div>\n\t\t\t\t<\/div>\n\t\t\t\t\t<\/div>\n\t\t\t\t<\/div>\n\t\t\t\t<\/div>\n\t\t","protected":false},"excerpt":{"rendered":"<p>&#8222;Verstehe deinen Hund, damit ihr ein gutes Team werden k\u00f6nnt&#8220; Dieser Satz beschreibt meine Ansicht \u00fcber Erziehung, Training und Ausbildung eines Hundes. Urspr\u00fcnglich wollte ich nur meine eigenen Hunde ausbilden, um sie entsprechend bei meiner Arbeit mit Menschen jeglichen Alters einsetzen zu k\u00f6nnen. Damals (vor etwa 30 Jahren) gab es weder eine Ausbildungsst\u00e4tte daf\u00fcr, noch [&hellip;]<\/p>\n","protected":false},"author":1,"featured_media":0,"parent":0,"menu_order":0,"comment_status":"closed","ping_status":"closed","template":"","meta":{"_mc_calendar":[],"footnotes":""},"class_list":["post-353","page","type-page","status-publish","hentry"],"_links":{"self":[{"href":"https:\/\/www.pyrmonterhundefreunde.de\/wordpress-neu\/index.php\/wp-json\/wp\/v2\/pages\/353","targetHints":{"allow":["GET"]}}],"collection":[{"href":"https:\/\/www.pyrmonterhundefreunde.de\/wordpress-neu\/index.php\/wp-json\/wp\/v2\/pages"}],"about":[{"href":"https:\/\/www.pyrmonterhundefreunde.de\/wordpress-neu\/index.php\/wp-json\/wp\/v2\/types\/page"}],"author":[{"embeddable":true,"href":"https:\/\/www.pyrmonterhundefreunde.de\/wordpress-neu\/index.php\/wp-json\/wp\/v2\/users\/1"}],"replies":[{"embeddable":true,"href":"https:\/\/www.pyrmonterhundefreunde.de\/wordpress-neu\/index.php\/wp-json\/wp\/v2\/comments?post=353"}],"version-history":[{"count":4,"href":"https:\/\/www.pyrmonterhundefreunde.de\/wordpress-neu\/index.php\/wp-json\/wp\/v2\/pages\/353\/revisions"}],"predecessor-version":[{"id":765,"href":"https:\/\/www.pyrmonterhundefreunde.de\/wordpress-neu\/index.php\/wp-json\/wp\/v2\/pages\/353\/revisions\/765"}],"wp:attachment":[{"href":"https:\/\/www.pyrmonterhundefreunde.de\/wordpress-neu\/index.php\/wp-json\/wp\/v2\/media?parent=353"}],"curies":[{"name":"wp","href":"https:\/\/api.w.org\/{rel}","templated":true}]}}